{"id":7968,"date":"2018-08-09T11:18:09","date_gmt":"2018-08-09T11:18:09","guid":{"rendered":"https:\/\/es.ushindishoes.com\/politica-privacidade\/"},"modified":"2021-08-19T14:32:43","modified_gmt":"2021-08-19T14:32:43","slug":"politica-privacidade","status":"publish","type":"page","link":"https:\/\/es.ushindishoes.com\/es\/politica-privacidade\/","title":{"rendered":"Pol\u00edtica de privacidad"},"content":{"rendered":"<p>Respeitamos a sua privacidade e agradecemos a confian\u00e7a que deposita em n\u00f3s. Nesta Pol\u00edtica de Privacidade explicamos quem somos, para que finalidades podemos usar os seus dados, como os tratamos, com quem os partilhamos, durante quanto tempo os conservamos, bem como as formas de entrar em contacto connosco e de exercer os seus direitos.<\/p>\n<p>Os seus dados ser\u00e3o tratados por Ushindi Shoes OnLineStore, 513725296, com sede em Rua da Quint\u00e3 Lote 14 N\u00ba120 &#8211; 4610-100 &#8211; Felgueiras. Esta sociedade \u00e9 a respons\u00e1vel pelo tratamento de dados pessoais no cumprimento do Regulamento Geral sobre a Prote\u00e7\u00e3o de Dados.<\/p>\n<h5>1 &#8211; O QUE FAZEMOS COM AS SUAS INFORMA\u00c7\u00d5ES?<\/h5>\n<p>Quando compra alguma coisa na nossa loja, como parte do processo de compra e venda, recolhemos as informa\u00e7\u00f5es pessoais que nos \u00e9 fornecida, tais como o nome, endere\u00e7o e e-mail. Quando navega na nossa loja, recebemos tamb\u00e9m automaticamente o protocolo de internet do seu computador (endere\u00e7o de IP) a fim de obtermos informa\u00e7\u00f5es que nos ajudam a saber mais sobre o seu navegador e sistema operativo.<\/p>\n<p>A informa\u00e7\u00e3o que nos disponibiliza destina-se apenas a prestar-lhe um servi\u00e7o mais adequado \u00e0s suas caracter\u00edsticas e necessidades. Como tal, e para efeitos de entrega de encomendas, pagamentos e contatos do Apoio ao Cliente, desde j\u00e1 informamos que os seus dados de contacto e morada ser\u00e3o transmitidos \u00e0s empresas de pagamento, empresas transportadoras e a prestadores de servi\u00e7os subcontratadas para a realiza\u00e7\u00e3o do nosso servi\u00e7o.<\/p>\n<p>Marketing por e-mail: Com a sua permiss\u00e3o, podemos lhe enviar e-mails sobre a nossa loja, novos produtos e outras atualiza\u00e7\u00f5es.<br \/>\nEste tratamento de dados ser\u00e1 realizado apenas com o seu consentimento, prestado no momento de registo. Caso consinta, receber\u00e1 comunica\u00e7\u00f5es de marketing atrav\u00e9s de e-mail e SMS.<br \/>\nO consentimento para o tratamento de dados pessoais para efeitos de Marketing pode ser revogado em qualquer altura.<br \/>\nOs seus dados ser\u00e3o conservados at\u00e9 que pretenda a sua elimina\u00e7\u00e3o.<\/p>\n<h5>2 &#8211; CONSENTIMENTO<\/h5>\n<p>Como obtemos o seu consentimento?<\/p>\n<p>Quando nos fornece as suas informa\u00e7\u00f5es pessoais para completar uma transa\u00e7\u00e3o, como o seu cart\u00e3o de cr\u00e9dito, fazer um pedido, providenciar uma entrega ou devolver uma compra, est\u00e1 a concordar com a nossa recolha e uso de informa\u00e7\u00f5es pessoais apenas para estes fins espec\u00edficos.<\/p>\n<p>Se pedirmos as suas informa\u00e7\u00f5es pessoais por uma raz\u00e3o secund\u00e1ria, como marketing, pedimos o seu consentimento, onde ter\u00e1 a oportunidade de n\u00e3o concordar que usemos a sua informa\u00e7\u00e3o para estes fins.<\/p>\n<p>Como posso retirar o meu consentimento?<br \/>\nCaso depois de fornecer os seus dados pretenda alterar esse consentimento pode o fazer quando quiser e assim evitar que entraremos em contato para obter ou divulgar qualquer informa\u00e7\u00e3o. Para alterar essa consentimento entre em contato connosco atrav\u00e9s do email ushindi.shoes@gmail.com ou por correio atrav\u00e9s da seguinte Morada: Rua da Quint\u00e3 Lote 14 N\u00ba120 &#8211; 4610-100 &#8211; Felgueiras.<\/p>\n<h5>3 &#8211; DIVULGA\u00c7\u00c3O<\/h5>\n<p>Podemos divulgar as suas informa\u00e7\u00f5es pessoais se formos obrigados por lei ou caso viole os nossos Termos de Servi\u00e7o.<\/p>\n<h5>4 &#8211; SERVI\u00c7OS DE TERCEIROS<\/h5>\n<p>No geral, os nossos fornecedores terci\u00e1rios ir\u00e3o reunir, usar e divulgar as suas informa\u00e7\u00f5es apenas na medida do necess\u00e1rio para permitir que sejam realizados os servi\u00e7os por eles fornecidos.<br \/>\nEntretanto, certos prestadores de servi\u00e7os terci\u00e1rios, como gateways de pagamento e outros processadores de transa\u00e7\u00f5es de pagamento, t\u00eam as suas pr\u00f3prias pol\u00edticas de privacidade em rela\u00e7\u00e3o \u00e0 informa\u00e7\u00e3o que somos obrigados a fornecer sobre as transa\u00e7\u00f5es relacionadas \u00e0s compras.<br \/>\nPara estes fornecedores, recomendamos que leia as suas pol\u00edticas de privacidade para que possa entender de que maneira as suas informa\u00e7\u00f5es pessoais ser\u00e3o usadas por estes fornecedores.<\/p>\n<p>Especificamente, lembre-se que certos fornecedores podem estar localizados ou possuir instala\u00e7\u00f5es que ficam em jurisdi\u00e7\u00f5es diferentes da sua ou da nossa. Por isso, se pretender continuar com uma transa\u00e7\u00e3o que envolva um prestador de servi\u00e7os terci\u00e1rio como o Paypal por exemplo, as suas informa\u00e7\u00f5es podem ficar sujeitas \u00e0 legisla\u00e7\u00e3o da(s) jurisdi\u00e7\u00e3o(\u00f5es) onde o prestador do servi\u00e7os ou onde estiver localizada as suas instala\u00e7\u00f5es.<br \/>\nPor exemplo, se est\u00e1 em Portugal e a sua transa\u00e7\u00e3o \u00e9 processada por uma gateway de pagamento nos Estados Unidos, as suas informa\u00e7\u00f5es pessoais usadas para completar a transa\u00e7\u00e3o podem estar sujeitas a divulga\u00e7\u00e3o sob a legisla\u00e7\u00e3o dos Estados Unidos, incluindo a Lei Patri\u00f3tica. Sempre que sair do site da nossa loja ou for redirecionado para um site de terceiros, passar\u00e1 a ser regido pela Pol\u00edtica de Privacidade ou pelos Termos de servi\u00e7o desse site.<\/p>\n","protected":false},"excerpt":{"rendered":"<p>Respeitamos a sua privacidade e agradecemos a confian\u00e7a que deposita em n\u00f3s. Nesta Pol\u00edtica de Privacidade explicamos quem somos, para&#8230;<\/p>\n","protected":false},"author":1,"featured_media":0,"parent":0,"menu_order":0,"comment_status":"closed","ping_status":"closed","template":"","meta":{"footnotes":""},"class_list":["post-7968","page","type-page","status-publish"],"yoast_head":"<!-- This site is optimized with the Yoast SEO plugin v24.2 - https:\/\/yoast.com\/wordpress\/plugins\/seo\/ -->\n<title>Pol\u00edtica de privacidad - Ushindi Shoes<\/title>\n<meta name=\"robots\" content=\"index, follow, max-snippet:-1, max-image-preview:large, max-video-preview:-1\" \/>\n<link rel=\"canonical\" href=\"https:\/\/es.ushindishoes.com\/es\/politica-privacidade\/\" \/>\n<meta property=\"og:locale\" content=\"es_ES\" \/>\n<meta property=\"og:type\" content=\"article\" \/>\n<meta property=\"og:title\" content=\"Pol\u00edtica de privacidad - Ushindi Shoes\" \/>\n<meta property=\"og:description\" content=\"Respeitamos a sua privacidade e agradecemos a confian\u00e7a que deposita em n\u00f3s. Nesta Pol\u00edtica de Privacidade explicamos quem somos, para...\" \/>\n<meta property=\"og:url\" content=\"https:\/\/es.ushindishoes.com\/es\/politica-privacidade\/\" \/>\n<meta property=\"og:site_name\" content=\"Ushindi Shoes\" \/>\n<meta property=\"article:modified_time\" content=\"2021-08-19T14:32:43+00:00\" \/>\n<meta name=\"twitter:card\" content=\"summary_large_image\" \/>\n<meta name=\"twitter:label1\" content=\"Tiempo de lectura\" \/>\n\t<meta name=\"twitter:data1\" content=\"4 minutos\" \/>\n<script type=\"application\/ld+json\" class=\"yoast-schema-graph\">{\"@context\":\"https:\/\/schema.org\",\"@graph\":[{\"@type\":\"WebPage\",\"@id\":\"https:\/\/es.ushindishoes.com\/es\/politica-privacidade\/\",\"url\":\"https:\/\/es.ushindishoes.com\/es\/politica-privacidade\/\",\"name\":\"Pol\u00edtica de privacidad - Ushindi Shoes\",\"isPartOf\":{\"@id\":\"https:\/\/es.ushindishoes.com\/es\/#website\"},\"datePublished\":\"2018-08-09T11:18:09+00:00\",\"dateModified\":\"2021-08-19T14:32:43+00:00\",\"breadcrumb\":{\"@id\":\"https:\/\/es.ushindishoes.com\/es\/politica-privacidade\/#breadcrumb\"},\"inLanguage\":\"es\",\"potentialAction\":[{\"@type\":\"ReadAction\",\"target\":[\"https:\/\/es.ushindishoes.com\/es\/politica-privacidade\/\"]}]},{\"@type\":\"BreadcrumbList\",\"@id\":\"https:\/\/es.ushindishoes.com\/es\/politica-privacidade\/#breadcrumb\",\"itemListElement\":[{\"@type\":\"ListItem\",\"position\":1,\"name\":\"In\u00edcio\",\"item\":\"https:\/\/es.ushindishoes.com\/es\/\"},{\"@type\":\"ListItem\",\"position\":2,\"name\":\"Pol\u00edtica de privacidad\"}]},{\"@type\":\"WebSite\",\"@id\":\"https:\/\/es.ushindishoes.com\/es\/#website\",\"url\":\"https:\/\/es.ushindishoes.com\/es\/\",\"name\":\"Ushindi Shoes\",\"description\":\"Ushindi Shoes Loja online\",\"potentialAction\":[{\"@type\":\"SearchAction\",\"target\":{\"@type\":\"EntryPoint\",\"urlTemplate\":\"https:\/\/es.ushindishoes.com\/es\/?s={search_term_string}\"},\"query-input\":{\"@type\":\"PropertyValueSpecification\",\"valueRequired\":true,\"valueName\":\"search_term_string\"}}],\"inLanguage\":\"es\"}]}<\/script>\n<!-- \/ Yoast SEO plugin. -->","yoast_head_json":{"title":"Pol\u00edtica de privacidad - Ushindi Shoes","robots":{"index":"index","follow":"follow","max-snippet":"max-snippet:-1","max-image-preview":"max-image-preview:large","max-video-preview":"max-video-preview:-1"},"canonical":"https:\/\/es.ushindishoes.com\/es\/politica-privacidade\/","og_locale":"es_ES","og_type":"article","og_title":"Pol\u00edtica de privacidad - Ushindi Shoes","og_description":"Respeitamos a sua privacidade e agradecemos a confian\u00e7a que deposita em n\u00f3s. Nesta Pol\u00edtica de Privacidade explicamos quem somos, para...","og_url":"https:\/\/es.ushindishoes.com\/es\/politica-privacidade\/","og_site_name":"Ushindi Shoes","article_modified_time":"2021-08-19T14:32:43+00:00","twitter_card":"summary_large_image","twitter_misc":{"Tiempo de lectura":"4 minutos"},"schema":{"@context":"https:\/\/schema.org","@graph":[{"@type":"WebPage","@id":"https:\/\/es.ushindishoes.com\/es\/politica-privacidade\/","url":"https:\/\/es.ushindishoes.com\/es\/politica-privacidade\/","name":"Pol\u00edtica de privacidad - Ushindi Shoes","isPartOf":{"@id":"https:\/\/es.ushindishoes.com\/es\/#website"},"datePublished":"2018-08-09T11:18:09+00:00","dateModified":"2021-08-19T14:32:43+00:00","breadcrumb":{"@id":"https:\/\/es.ushindishoes.com\/es\/politica-privacidade\/#breadcrumb"},"inLanguage":"es","potentialAction":[{"@type":"ReadAction","target":["https:\/\/es.ushindishoes.com\/es\/politica-privacidade\/"]}]},{"@type":"BreadcrumbList","@id":"https:\/\/es.ushindishoes.com\/es\/politica-privacidade\/#breadcrumb","itemListElement":[{"@type":"ListItem","position":1,"name":"In\u00edcio","item":"https:\/\/es.ushindishoes.com\/es\/"},{"@type":"ListItem","position":2,"name":"Pol\u00edtica de privacidad"}]},{"@type":"WebSite","@id":"https:\/\/es.ushindishoes.com\/es\/#website","url":"https:\/\/es.ushindishoes.com\/es\/","name":"Ushindi Shoes","description":"Ushindi Shoes Loja online","potentialAction":[{"@type":"SearchAction","target":{"@type":"EntryPoint","urlTemplate":"https:\/\/es.ushindishoes.com\/es\/?s={search_term_string}"},"query-input":{"@type":"PropertyValueSpecification","valueRequired":true,"valueName":"search_term_string"}}],"inLanguage":"es"}]}},"_links":{"self":[{"href":"https:\/\/es.ushindishoes.com\/es\/wp-json\/wp\/v2\/pages\/7968","targetHints":{"allow":["GET"]}}],"collection":[{"href":"https:\/\/es.ushindishoes.com\/es\/wp-json\/wp\/v2\/pages"}],"about":[{"href":"https:\/\/es.ushindishoes.com\/es\/wp-json\/wp\/v2\/types\/page"}],"author":[{"embeddable":true,"href":"https:\/\/es.ushindishoes.com\/es\/wp-json\/wp\/v2\/users\/1"}],"replies":[{"embeddable":true,"href":"https:\/\/es.ushindishoes.com\/es\/wp-json\/wp\/v2\/comments?post=7968"}],"version-history":[{"count":1,"href":"https:\/\/es.ushindishoes.com\/es\/wp-json\/wp\/v2\/pages\/7968\/revisions"}],"predecessor-version":[{"id":7969,"href":"https:\/\/es.ushindishoes.com\/es\/wp-json\/wp\/v2\/pages\/7968\/revisions\/7969"}],"wp:attachment":[{"href":"https:\/\/es.ushindishoes.com\/es\/wp-json\/wp\/v2\/media?parent=7968"}],"curies":[{"name":"wp","href":"https:\/\/api.w.org\/{rel}","templated":true}]}}